{"id":71,"date":"2015-12-03T22:17:21","date_gmt":"2015-12-03T22:17:21","guid":{"rendered":"http:\/\/nette.ca\/jeannette\/?page_id=71"},"modified":"2023-09-05T21:12:29","modified_gmt":"2023-09-05T21:12:29","slug":"press","status":"publish","type":"page","link":"https:\/\/nette.ca\/jeannette\/press\/","title":{"rendered":"Press"},"content":{"rendered":"\n<p>&#8220;On est l\u00e0 tout proche de la perfection.&#8221;<br>LA GAZETTE BLEUE D&#8217;ACTION JAZZ<\/p>\n\n\n\n<p>&#8220;delicateness, creativity and telepathic interaction&#8221; ALL MUSIC GUIDE<\/p>\n\n\n\n<p>&#8220;virtuosic &#8230; another testament to the creative abilities of these players&#8221; THEWHOLENOTE<\/p>\n\n\n\n<p>&#8220;one of the most interesting jazz-poetry albums of the recent decade&#8221;<br>THE AMATEUR&#8217;S GUIDE TO AVANTGARDE<\/p>\n\n\n\n<p>&#8220;brilliant and melodious&#8221; THEWHOLENOTE<\/p>\n\n\n\n<p>&#8220;a tour de force &#8230; a jewel&#8221; JAZZWISE<\/p>\n\n\n\n<p>&#8220;art at a very high level&#8221; CADENCE<\/p>\n\n\n\n<p>&#8220;joyous music &#8230; virtuosic&#8221; THEWHOLENOTE<\/p>\n\n\n\n<p>&#8220;d\u2019oreille et d\u2019\u00e2me du nirvana, il est l\u00e0, tout proche&#8221;<br>LA GAZETTE BLEUE D&#8217;ACTION JAZZ<\/p>\n\n\n\n<p>&#8220;deep emotion that only excellent vocals have&#8221; NIHON KEIZAI SHIMBUN<\/p>\n\n\n\n<p>\u201cenchanting singing voice\u201d JAZZ CRITIQUE<\/p>\n\n\n<div class=\"wp-block-image\">\n<figure class=\"alignleft\"><a href=\"https:\/\/nette.ca\/jeannette\/wp-content\/uploads\/2015\/12\/0631.jpg\"><img loading=\"lazy\" decoding=\"async\" width=\"175\" height=\"175\" src=\"https:\/\/nette.ca\/jeannette\/wp-content\/uploads\/2015\/12\/0631.jpg\" alt=\"\" class=\"wp-image-52\" srcset=\"https:\/\/nette.ca\/jeannette\/wp-content\/uploads\/2015\/12\/0631.jpg 175w, https:\/\/nette.ca\/jeannette\/wp-content\/uploads\/2015\/12\/0631-150x150.jpg 150w\" sizes=\"auto, (max-width: 175px) 100vw, 175px\" \/><\/a><\/figure>\n<\/div>\n\n\n<p>SAND UNDERFOOT<br>with Paul Bley, Michel Lambert, and Barre Phillips<\/p>\n\n\n\n<p>&#8220;a top-notch session&#8221;, All-Music Guide<br>&#8220;a fascinating disc&#8221; WNUR<br>&#8220;a jewel&#8221; JazzWise<\/p>\n\n\n\n<p>UNCLOUDED DAY<br>with Michel Lambert, Raoul Bjorkenheim and Mat Maneri<\/p>\n\n\n<div class=\"wp-block-image\">\n<figure class=\"alignright\"><a href=\"https:\/\/nette.ca\/jeannette\/wp-content\/uploads\/2018\/02\/3-MVI_4893.jpg\"><img loading=\"lazy\" decoding=\"async\" width=\"300\" height=\"221\" src=\"https:\/\/nette.ca\/jeannette\/wp-content\/uploads\/2018\/02\/3-MVI_4893-300x221.jpg\" alt=\"\" class=\"wp-image-570\" srcset=\"https:\/\/nette.ca\/jeannette\/wp-content\/uploads\/2018\/02\/3-MVI_4893-300x221.jpg 300w, https:\/\/nette.ca\/jeannette\/wp-content\/uploads\/2018\/02\/3-MVI_4893-768x566.jpg 768w, https:\/\/nette.ca\/jeannette\/wp-content\/uploads\/2018\/02\/3-MVI_4893-1024x755.jpg 1024w, https:\/\/nette.ca\/jeannette\/wp-content\/uploads\/2018\/02\/3-MVI_4893.jpg 1441w\" sizes=\"auto, (max-width: 300px) 100vw, 300px\" \/><\/a><\/figure>\n<\/div>\n\n\n<p>&#8220;fantastic and jaw dropping&#8221; JAZZNETT<br>&#8220;a winning live document &#8221; THE WIRE<br>&#8220;like a cubist painting&#8221; MODISTI<\/p>\n\n\n\n<p>&#8220;La voix est affirm\u00e9e, fluide jusque dans ses expressions les plus atonales. Elle en devient elle-m\u00eame le po\u00e8me.. D&#8217;une rigueur belle et rare!&#8221; LE SOLEIL<\/p>\n\n\n\n<p>&#8220;Unadorned elegance is the keynote of Jeannette Lambert&#8217;s singing.&#8221; TORONTO STAR<\/p>\n\n\n\n<p>&#8220;Her vocal approach is horn-like &#8211; cool, crisp and precise in the manner of a trumpet player like Art Farmer.&#8221; Paul Blair, JAKARTA POST<\/p>\n\n\n\n<p>&#8220;Jeannette Lambert, a very distinctive singer: Her repertoire is superb. &#8221; DOBBIN&#8217;S DEN<\/p>\n\n\n<div class=\"wp-block-image\">\n<figure class=\"alignright\"><a href=\"https:\/\/nette.ca\/jeannette\/wp-content\/uploads\/2018\/10\/1-P1000761.jpg\"><img loading=\"lazy\" decoding=\"async\" width=\"195\" height=\"300\" src=\"https:\/\/nette.ca\/jeannette\/wp-content\/uploads\/2018\/10\/1-P1000761-195x300.jpg\" alt=\"\" class=\"wp-image-625\" srcset=\"https:\/\/nette.ca\/jeannette\/wp-content\/uploads\/2018\/10\/1-P1000761-195x300.jpg 195w, https:\/\/nette.ca\/jeannette\/wp-content\/uploads\/2018\/10\/1-P1000761-768x1180.jpg 768w, https:\/\/nette.ca\/jeannette\/wp-content\/uploads\/2018\/10\/1-P1000761-666x1024.jpg 666w, https:\/\/nette.ca\/jeannette\/wp-content\/uploads\/2018\/10\/1-P1000761.jpg 1041w\" sizes=\"auto, (max-width: 195px) 100vw, 195px\" \/><\/a><\/figure>\n<\/div>\n\n\n<p>Pick of the Week: \u201cAmidst a crowded room of experimental female jazz vocalists, Jeannette Lambert comes across as a refreshing alternative to the usual sound manipulators \u2026 This fascinating disc is also further proof of the vitality of Quebec\u2019s jazz scene.\u201d<br>Justin Glick, WNUR<\/p>\n\n\n<div class=\"wp-block-image\">\n<figure class=\"alignleft\"><a href=\"https:\/\/nette.ca\/jeannette\/wp-content\/uploads\/2015\/12\/punknette-cig.jpg\"><img loading=\"lazy\" decoding=\"async\" width=\"300\" height=\"267\" src=\"https:\/\/nette.ca\/jeannette\/wp-content\/uploads\/2015\/12\/punknette-cig-300x267.jpg\" alt=\"\" class=\"wp-image-162\" srcset=\"https:\/\/nette.ca\/jeannette\/wp-content\/uploads\/2015\/12\/punknette-cig-300x267.jpg 300w, https:\/\/nette.ca\/jeannette\/wp-content\/uploads\/2015\/12\/punknette-cig-768x685.jpg 768w, https:\/\/nette.ca\/jeannette\/wp-content\/uploads\/2015\/12\/punknette-cig-1024x913.jpg 1024w, https:\/\/nette.ca\/jeannette\/wp-content\/uploads\/2015\/12\/punknette-cig.jpg 1924w\" sizes=\"auto, (max-width: 300px) 100vw, 300px\" \/><\/a><\/figure>\n<\/div>\n\n\n<p>\u201cJeannette Lambert\u2019s singing rarely recalls conventional jazz vocalists or for that matter free-improv singers: it\u2019s more like conversation gently shaped into a sort of freeform folksong &#8230; Bley\u2019s freest, most aggressive performance in some years\u201d CADENCE<\/p>\n","protected":false},"excerpt":{"rendered":"<p>&#8220;On est l\u00e0 tout proche de la perfection.&#8221;LA GAZETTE BLEUE D&#8217;ACTION JAZZ &#8220;delicateness, creativity and telepathic interaction&#8221; ALL MUSIC GUIDE &#8220;virtuosic &#8230; another testament to the creative abilities of these players&#8221; THEWHOLENOTE &#8220;one of the most interesting jazz-poetry albums of the recent decade&#8221;THE AMATEUR&#8217;S GUIDE TO AVANTGARDE &#8220;brilliant and melodious&#8221; THEWHOLENOTE &#8220;a tour de force [&hellip;]<\/p>\n","protected":false},"author":1,"featured_media":0,"parent":0,"menu_order":0,"comment_status":"closed","ping_status":"closed","template":"","meta":{"footnotes":""},"class_list":["post-71","page","type-page","status-publish","hentry"],"_links":{"self":[{"href":"https:\/\/nette.ca\/jeannette\/wp-json\/wp\/v2\/pages\/71","targetHints":{"allow":["GET"]}}],"collection":[{"href":"https:\/\/nette.ca\/jeannette\/wp-json\/wp\/v2\/pages"}],"about":[{"href":"https:\/\/nette.ca\/jeannette\/wp-json\/wp\/v2\/types\/page"}],"author":[{"embeddable":true,"href":"https:\/\/nette.ca\/jeannette\/wp-json\/wp\/v2\/users\/1"}],"replies":[{"embeddable":true,"href":"https:\/\/nette.ca\/jeannette\/wp-json\/wp\/v2\/comments?post=71"}],"version-history":[{"count":10,"href":"https:\/\/nette.ca\/jeannette\/wp-json\/wp\/v2\/pages\/71\/revisions"}],"predecessor-version":[{"id":2571,"href":"https:\/\/nette.ca\/jeannette\/wp-json\/wp\/v2\/pages\/71\/revisions\/2571"}],"wp:attachment":[{"href":"https:\/\/nette.ca\/jeannette\/wp-json\/wp\/v2\/media?parent=71"}],"curies":[{"name":"wp","href":"https:\/\/api.w.org\/{rel}","templated":true}]}}